{"id":980,"date":"2020-05-05T07:43:26","date_gmt":"2020-05-05T07:43:26","guid":{"rendered":"http:\/\/www.pmapiscinas.com\/?page_id=980"},"modified":"2020-05-05T07:47:13","modified_gmt":"2020-05-05T07:47:13","slug":"pma-piscinas","status":"publish","type":"page","link":"https:\/\/www.pmapiscinas.com\/ca\/pma-piscinas\/","title":{"rendered":"Qui som"},"content":{"rendered":"<div class=\"wpb-content-wrapper\"><p>[vc_row css_animation=&#8221;&#8221; row_type=&#8221;row&#8221; use_row_as_full_screen_section=&#8221;no&#8221; type=&#8221;full_width&#8221; angled_section=&#8221;no&#8221; text_align=&#8221;left&#8221; background_image_as_pattern=&#8221;without_pattern&#8221;][vc_column offset=&#8221;vc_hidden-sm vc_hidden-xs&#8221;][vc_empty_space height=&#8221;92px&#8221;][\/vc_column][\/vc_row][vc_row css_animation=&#8221;&#8221; row_type=&#8221;row&#8221; use_row_as_full_screen_section=&#8221;no&#8221; type=&#8221;grid&#8221; angled_section=&#8221;no&#8221; text_align=&#8221;left&#8221; background_image_as_pattern=&#8221;without_pattern&#8221; z_index=&#8221;&#8221;][vc_column width=&#8221;7\/12&#8243;][vc_row_inner row_type=&#8221;row&#8221; type=&#8221;full_width&#8221; text_align=&#8221;left&#8221; css_animation=&#8221;&#8221;][vc_column_inner offset=&#8221;vc_hidden-sm vc_hidden-xs&#8221;][vc_empty_space height=&#8221;30px&#8221;][\/vc_column_inner][\/vc_row_inner][vc_column_text]<\/p>\n<h2>La satisfacci\u00f3 del client \u00e9s la meta fonamental i la nostra \u00fanica ra\u00f3 de ser<\/h2>\n<p>[\/vc_column_text][vc_empty_space height=&#8221;30px&#8221;][vc_column_text]<\/p>\n<p style=\"font-size: 19px;\"><strong>PMA Piscinas <\/strong>\u00e9s una empresa creada amb la clara orientaci\u00f3 d&#8217;oferir una completa i professional soluci\u00f3 en el manteniment integral de piscines comunit\u00e0ries i privades.<\/p>\n<p>[\/vc_column_text][vc_empty_space height=&#8221;22px&#8221;][vc_column_text]<\/p>\n<p style=\"font-size: 19px;\">Realitzem tot el necessari perqu\u00e8 Vost\u00e8 nom\u00e9s s&#8217;hagi de preocupar de gaudir la seva piscina, garantint a tot moment una excel\u00b7lent qualitat d&#8217;aigua, tractament qu\u00edmic, inspecci\u00f3 t\u00e8cnica, manteniment de la instal\u00b7laci\u00f3, reparaci\u00f3 d&#8217;avaries&#8230; i tot all\u00f2 que vost\u00e8 necessiti.<\/p>\n<p>[\/vc_column_text][vc_empty_space height=&#8221;22px&#8221;][vc_column_text]<\/p>\n<p style=\"font-size: 19px;\"><strong>PMA Piscinas <\/strong>neix com una empresa de serveis dirigida a comunitats de ve\u00efns, poliesportius, organismes p\u00fablics i particulars, oferint sempre la m\u00e0xima garantia i atenci\u00f3 personalitzada.<\/p>\n<p>[\/vc_column_text][vc_empty_space height=&#8221;22px&#8221;][\/vc_column][vc_column width=&#8221;5\/12&#8243;][vc_single_image image=&#8221;387&#8243; img_size=&#8221;full&#8221; qode_css_animation=&#8221;&#8221;][vc_empty_space height=&#8221;30px&#8221;][\/vc_column][\/vc_row][vc_row css_animation=&#8221;&#8221; row_type=&#8221;row&#8221; use_row_as_full_screen_section=&#8221;no&#8221; type=&#8221;full_width&#8221; angled_section=&#8221;no&#8221; text_align=&#8221;left&#8221; background_image_as_pattern=&#8221;without_pattern&#8221;][vc_column offset=&#8221;vc_hidden-sm vc_hidden-xs&#8221;][vc_empty_space height=&#8221;50px&#8221;][\/vc_column][\/vc_row][vc_row css_animation=&#8221;&#8221; row_type=&#8221;row&#8221; use_row_as_full_screen_section=&#8221;no&#8221; type=&#8221;grid&#8221; angled_section=&#8221;no&#8221; text_align=&#8221;left&#8221; background_image_as_pattern=&#8221;without_pattern&#8221; z_index=&#8221;&#8221; background_color=&#8221;#1e73be&#8221; background_image=&#8221;479&#8243;][vc_column][vc_row_inner row_type=&#8221;row&#8221; type=&#8221;full_width&#8221; text_align=&#8221;left&#8221; css_animation=&#8221;&#8221;][vc_column_inner offset=&#8221;vc_hidden-sm vc_hidden-xs&#8221;][vc_empty_space height=&#8221;90px&#8221;][\/vc_column_inner][\/vc_row_inner][vc_row_inner row_type=&#8221;row&#8221; type=&#8221;full_width&#8221; text_align=&#8221;left&#8221; css_animation=&#8221;&#8221;][vc_column_inner width=&#8221;5\/6&#8243;][vc_empty_space height=&#8221;12px&#8221;][vc_column_text]<\/p>\n<h3 style=\"color: white;\"><strong>Necessita m\u00e9s informaci\u00f3? No dubti en posar-se en contacte amb nosaltres<\/strong><\/h3>\n<p>[\/vc_column_text][vc_empty_space height=&#8221;12px&#8221;][\/vc_column_inner][vc_column_inner width=&#8221;1\/6&#8243;]<a  itemprop=\"url\" href=\"\/ca\/contacte\/\" target=\"_self\"  class=\"qbutton  big_large white default\" style=\"\">Contacte<\/a>[\/vc_column_inner][\/vc_row_inner][vc_empty_space height=&#8221;50px&#8221;][vc_row_inner row_type=&#8221;row&#8221; type=&#8221;full_width&#8221; text_align=&#8221;left&#8221; css_animation=&#8221;&#8221;][vc_column_inner offset=&#8221;vc_hidden-sm vc_hidden-xs&#8221;][vc_empty_space height=&#8221;40px&#8221;][\/vc_column_inner][\/vc_row_inner][\/vc_column][\/vc_row][vc_row css_animation=&#8221;&#8221; row_type=&#8221;row&#8221; use_row_as_full_screen_section=&#8221;no&#8221; type=&#8221;grid&#8221; angled_section=&#8221;no&#8221; text_align=&#8221;left&#8221; background_image_as_pattern=&#8221;without_pattern&#8221; z_index=&#8221;&#8221;][vc_column][vc_row_inner row_type=&#8221;row&#8221; type=&#8221;full_width&#8221; text_align=&#8221;left&#8221; css_animation=&#8221;&#8221;][vc_column_inner offset=&#8221;vc_hidden-sm vc_hidden-xs&#8221;][vc_empty_space height=&#8221;90px&#8221;][\/vc_column_inner][\/vc_row_inner][vc_column_text]<\/p>\n<h2 style=\"text-align: center;\">Els nostres clients<\/h2>\n<p>[\/vc_column_text][vc_empty_space]<div class='projects_holder_outer v3 portfolio_with_space portfolio_standard'>\n        <div class='projects_holder portfolio_main_holder clearfix v3 standard portfolio_full_image '>\n        \n        <article class='mix default' style=''>\n    \n    \n    \n                <div class='image_holder'>\n                <a itemprop='url' class='portfolio_link_for_touch' href='https:\/\/www.pmapiscinas.com\/ca\/proyecto\/manteniment-piscina-en-sitges\/' target='_self'>\n                    \n<span class='image'><img loading=\"lazy\" decoding=\"async\" width=\"825\" height=\"360\" src=\"https:\/\/www.pmapiscinas.com\/wp-content\/uploads\/2020\/04\/mantenimiento-piscina-sitges.jpg\" class=\"attachment-full size-full wp-post-image\" alt=\"mantenimiento piscina sitges\" srcset=\"https:\/\/www.pmapiscinas.com\/wp-content\/uploads\/2020\/04\/mantenimiento-piscina-sitges.jpg 825w, https:\/\/www.pmapiscinas.com\/wp-content\/uploads\/2020\/04\/mantenimiento-piscina-sitges-300x131.jpg 300w, https:\/\/www.pmapiscinas.com\/wp-content\/uploads\/2020\/04\/mantenimiento-piscina-sitges-768x335.jpg 768w, https:\/\/www.pmapiscinas.com\/wp-content\/uploads\/2020\/04\/mantenimiento-piscina-sitges-700x305.jpg 700w\" sizes=\"auto, (max-width: 825px) 100vw, 825px\" \/><\/span>                <\/a>\n\n                <span class='text_holder'>\n    <span class='text_outer'>\n        <span class='text_inner'>\n            <span class='feature_holder'>\n                            <span class=\"feature_holder_icons\">';\n                            <a itemprop='image' class='lightbox qbutton small white' title='Manteniment Piscina en Sitges' href='https:\/\/www.pmapiscinas.com\/wp-content\/uploads\/2020\/04\/mantenimiento-piscina-sitges.jpg' data-rel='prettyPhoto[pretty_photo_gallery]'>zoom<\/a>\n    \n                            <a itemprop='url' class='preview qbutton small white' href='https:\/\/www.pmapiscinas.com\/ca\/proyecto\/manteniment-piscina-en-sitges\/' target='_self'>view<\/i><\/a>\n    \n                                            <\/span>\n        <\/span>\n    <\/span>\n<\/span>            <\/div>\n                <div class='portfolio_description ' >\n\n        \n    <h5 itemprop=\"name\" class=\"portfolio_title entry_title\"><a itemprop=\"url\" href=\"https:\/\/www.pmapiscinas.com\/ca\/proyecto\/manteniment-piscina-en-sitges\/\"  target=\"_self\"> Manteniment Piscina en Sitges<\/a><\/h5>\n\n\n        \n            <span class=\"project_category\"  >\n        <\/span>\n\n    <\/div>\n        \n<\/article>\n<article class='mix default' style=''>\n    \n    \n    \n                <div class='image_holder'>\n                <a itemprop='url' class='portfolio_link_for_touch' href='https:\/\/www.pmapiscinas.com\/ca\/proyecto\/mantenimient-piscina-a-cunit\/' target='_self'>\n                    \n<span class='image'><img loading=\"lazy\" decoding=\"async\" width=\"825\" height=\"360\" src=\"https:\/\/www.pmapiscinas.com\/wp-content\/uploads\/2020\/04\/mantenimiento-piscinas.jpg\" class=\"attachment-full size-full wp-post-image\" alt=\"mantenimiento piscinas\" srcset=\"https:\/\/www.pmapiscinas.com\/wp-content\/uploads\/2020\/04\/mantenimiento-piscinas.jpg 825w, https:\/\/www.pmapiscinas.com\/wp-content\/uploads\/2020\/04\/mantenimiento-piscinas-300x131.jpg 300w, https:\/\/www.pmapiscinas.com\/wp-content\/uploads\/2020\/04\/mantenimiento-piscinas-768x335.jpg 768w, https:\/\/www.pmapiscinas.com\/wp-content\/uploads\/2020\/04\/mantenimiento-piscinas-700x305.jpg 700w\" sizes=\"auto, (max-width: 825px) 100vw, 825px\" \/><\/span>                <\/a>\n\n                <span class='text_holder'>\n    <span class='text_outer'>\n        <span class='text_inner'>\n            <span class='feature_holder'>\n                            <span class=\"feature_holder_icons\">';\n                            <a itemprop='image' class='lightbox qbutton small white' title='Mantenimient Piscina a Cunit' href='https:\/\/www.pmapiscinas.com\/wp-content\/uploads\/2020\/04\/mantenimiento-piscinas.jpg' data-rel='prettyPhoto[pretty_photo_gallery]'>zoom<\/a>\n    \n                            <a itemprop='url' class='preview qbutton small white' href='https:\/\/www.pmapiscinas.com\/ca\/proyecto\/mantenimient-piscina-a-cunit\/' target='_self'>view<\/i><\/a>\n    \n                                            <\/span>\n        <\/span>\n    <\/span>\n<\/span>            <\/div>\n                <div class='portfolio_description ' >\n\n        \n    <h5 itemprop=\"name\" class=\"portfolio_title entry_title\"><a itemprop=\"url\" href=\"https:\/\/www.pmapiscinas.com\/ca\/proyecto\/mantenimient-piscina-a-cunit\/\"  target=\"_self\"> Mantenimient Piscina a Cunit<\/a><\/h5>\n\n\n        \n            <span class=\"project_category\"  >\n        <\/span>\n\n    <\/div>\n        \n<\/article>\n<article class='mix default' style=''>\n    \n    \n    \n                <div class='image_holder'>\n                <a itemprop='url' class='portfolio_link_for_touch' href='https:\/\/www.pmapiscinas.com\/ca\/proyecto\/manteniment-piscines-vilanova\/' target='_self'>\n                    \n<span class='image'><img loading=\"lazy\" decoding=\"async\" width=\"825\" height=\"360\" src=\"https:\/\/www.pmapiscinas.com\/wp-content\/uploads\/2020\/04\/mantenimiento-piscina-vilanova.jpg\" class=\"attachment-full size-full wp-post-image\" alt=\"mantenimiento piscina vilanova\" srcset=\"https:\/\/www.pmapiscinas.com\/wp-content\/uploads\/2020\/04\/mantenimiento-piscina-vilanova.jpg 825w, https:\/\/www.pmapiscinas.com\/wp-content\/uploads\/2020\/04\/mantenimiento-piscina-vilanova-300x131.jpg 300w, https:\/\/www.pmapiscinas.com\/wp-content\/uploads\/2020\/04\/mantenimiento-piscina-vilanova-768x335.jpg 768w, https:\/\/www.pmapiscinas.com\/wp-content\/uploads\/2020\/04\/mantenimiento-piscina-vilanova-700x305.jpg 700w\" sizes=\"auto, (max-width: 825px) 100vw, 825px\" \/><\/span>                <\/a>\n\n                <span class='text_holder'>\n    <span class='text_outer'>\n        <span class='text_inner'>\n            <span class='feature_holder'>\n                            <span class=\"feature_holder_icons\">';\n                            <a itemprop='image' class='lightbox qbutton small white' title='Manteniment Piscines Vilanova' href='https:\/\/www.pmapiscinas.com\/wp-content\/uploads\/2020\/04\/mantenimiento-piscina-vilanova.jpg' data-rel='prettyPhoto[pretty_photo_gallery]'>zoom<\/a>\n    \n                            <a itemprop='url' class='preview qbutton small white' href='https:\/\/www.pmapiscinas.com\/ca\/proyecto\/manteniment-piscines-vilanova\/' target='_self'>view<\/i><\/a>\n    \n                                            <\/span>\n        <\/span>\n    <\/span>\n<\/span>            <\/div>\n                <div class='portfolio_description ' >\n\n        \n    <h5 itemprop=\"name\" class=\"portfolio_title entry_title\"><a itemprop=\"url\" href=\"https:\/\/www.pmapiscinas.com\/ca\/proyecto\/manteniment-piscines-vilanova\/\"  target=\"_self\"> Manteniment Piscines Vilanova<\/a><\/h5>\n\n\n        \n            <span class=\"project_category\"  >\n        <\/span>\n\n    <\/div>\n        \n<\/article>\n<article class='mix default' style=''>\n    \n    \n    \n                <div class='image_holder'>\n                <a itemprop='url' class='portfolio_link_for_touch' href='https:\/\/www.pmapiscinas.com\/ca\/proyecto\/manteniment-piscina-a-vilanova\/' target='_self'>\n                    \n<span class='image'><img loading=\"lazy\" decoding=\"async\" width=\"825\" height=\"360\" src=\"https:\/\/www.pmapiscinas.com\/wp-content\/uploads\/2020\/04\/mantenimiento-piscinas-vilanova.jpg\" class=\"attachment-full size-full wp-post-image\" alt=\"mantenimiento piscinas en vilanova\" srcset=\"https:\/\/www.pmapiscinas.com\/wp-content\/uploads\/2020\/04\/mantenimiento-piscinas-vilanova.jpg 825w, https:\/\/www.pmapiscinas.com\/wp-content\/uploads\/2020\/04\/mantenimiento-piscinas-vilanova-300x131.jpg 300w, https:\/\/www.pmapiscinas.com\/wp-content\/uploads\/2020\/04\/mantenimiento-piscinas-vilanova-768x335.jpg 768w, https:\/\/www.pmapiscinas.com\/wp-content\/uploads\/2020\/04\/mantenimiento-piscinas-vilanova-700x305.jpg 700w\" sizes=\"auto, (max-width: 825px) 100vw, 825px\" \/><\/span>                <\/a>\n\n                <span class='text_holder'>\n    <span class='text_outer'>\n        <span class='text_inner'>\n            <span class='feature_holder'>\n                            <span class=\"feature_holder_icons\">';\n                            <a itemprop='image' class='lightbox qbutton small white' title='Manteniment Piscina a Vilanova' href='https:\/\/www.pmapiscinas.com\/wp-content\/uploads\/2020\/04\/mantenimiento-piscinas-vilanova.jpg' data-rel='prettyPhoto[pretty_photo_gallery]'>zoom<\/a>\n    \n                            <a itemprop='url' class='preview qbutton small white' href='https:\/\/www.pmapiscinas.com\/ca\/proyecto\/manteniment-piscina-a-vilanova\/' target='_self'>view<\/i><\/a>\n    \n                                            <\/span>\n        <\/span>\n    <\/span>\n<\/span>            <\/div>\n                <div class='portfolio_description ' >\n\n        \n    <h5 itemprop=\"name\" class=\"portfolio_title entry_title\"><a itemprop=\"url\" href=\"https:\/\/www.pmapiscinas.com\/ca\/proyecto\/manteniment-piscina-a-vilanova\/\"  target=\"_self\"> Manteniment Piscina a Vilanova<\/a><\/h5>\n\n\n        \n            <span class=\"project_category\"  >\n        <\/span>\n\n    <\/div>\n        \n<\/article>\n<article class='mix default' style=''>\n    \n    \n    \n                <div class='image_holder'>\n                <a itemprop='url' class='portfolio_link_for_touch' href='https:\/\/www.pmapiscinas.com\/ca\/proyecto\/manteniment-piscina-calafell\/' target='_self'>\n                    \n<span class='image'><img loading=\"lazy\" decoding=\"async\" width=\"825\" height=\"360\" src=\"https:\/\/www.pmapiscinas.com\/wp-content\/uploads\/2020\/04\/mantenimiento-piscina-calafell.jpg\" class=\"attachment-full size-full wp-post-image\" alt=\"mantenimiento piscina calafell\" srcset=\"https:\/\/www.pmapiscinas.com\/wp-content\/uploads\/2020\/04\/mantenimiento-piscina-calafell.jpg 825w, https:\/\/www.pmapiscinas.com\/wp-content\/uploads\/2020\/04\/mantenimiento-piscina-calafell-300x131.jpg 300w, https:\/\/www.pmapiscinas.com\/wp-content\/uploads\/2020\/04\/mantenimiento-piscina-calafell-768x335.jpg 768w, https:\/\/www.pmapiscinas.com\/wp-content\/uploads\/2020\/04\/mantenimiento-piscina-calafell-700x305.jpg 700w\" sizes=\"auto, (max-width: 825px) 100vw, 825px\" \/><\/span>                <\/a>\n\n                <span class='text_holder'>\n    <span class='text_outer'>\n        <span class='text_inner'>\n            <span class='feature_holder'>\n                            <span class=\"feature_holder_icons\">';\n                            <a itemprop='image' class='lightbox qbutton small white' title='Manteniment Piscina Calafell' href='https:\/\/www.pmapiscinas.com\/wp-content\/uploads\/2020\/04\/mantenimiento-piscina-calafell.jpg' data-rel='prettyPhoto[pretty_photo_gallery]'>zoom<\/a>\n    \n                            <a itemprop='url' class='preview qbutton small white' href='https:\/\/www.pmapiscinas.com\/ca\/proyecto\/manteniment-piscina-calafell\/' target='_self'>view<\/i><\/a>\n    \n                                            <\/span>\n        <\/span>\n    <\/span>\n<\/span>            <\/div>\n                <div class='portfolio_description ' >\n\n        \n    <h5 itemprop=\"name\" class=\"portfolio_title entry_title\"><a itemprop=\"url\" href=\"https:\/\/www.pmapiscinas.com\/ca\/proyecto\/manteniment-piscina-calafell\/\"  target=\"_self\"> Manteniment Piscina Calafell<\/a><\/h5>\n\n\n        \n            <span class=\"project_category\"  >\n        <\/span>\n\n    <\/div>\n        \n<\/article>\n        <div class='filler'><\/div>\n            <div class='filler'><\/div>\n            <div class='filler'><\/div>\n        <\/div>\n\n    \n    <\/div>[vc_row_inner row_type=&#8221;row&#8221; type=&#8221;full_width&#8221; text_align=&#8221;left&#8221; css_animation=&#8221;&#8221;][vc_column_inner offset=&#8221;vc_hidden-sm vc_hidden-xs&#8221;][vc_empty_space height=&#8221;90px&#8221;][\/vc_column_inner][\/vc_row_inner][\/vc_column][\/vc_row]<\/p>\n<\/div>","protected":false},"excerpt":{"rendered":"<p>[vc_row css_animation=&#8221;&#8221; row_type=&#8221;row&#8221; use_row_as_full_screen_section=&#8221;no&#8221; type=&#8221;full_width&#8221; angled_section=&#8221;no&#8221; text_align=&#8221;left&#8221; background_image_as_pattern=&#8221;without_pattern&#8221;][vc_column offset=&#8221;vc_hidden-sm vc_hidden-xs&#8221;][vc_empty_space height=&#8221;92px&#8221;][\/vc_column][\/vc_row][vc_row css_animation=&#8221;&#8221; row_type=&#8221;row&#8221; use_row_as_full_screen_section=&#8221;no&#8221; type=&#8221;grid&#8221; angled_section=&#8221;no&#8221; text_align=&#8221;left&#8221; background_image_as_pattern=&#8221;without_pattern&#8221; z_index=&#8221;&#8221;][vc_column width=&#8221;7\/12&#8243;][vc_row_inner row_type=&#8221;row&#8221; type=&#8221;full_width&#8221; text_align=&#8221;left&#8221; css_animation=&#8221;&#8221;][vc_column_inner offset=&#8221;vc_hidden-sm vc_hidden-xs&#8221;][vc_empty_space height=&#8221;30px&#8221;][\/vc_column_inner][\/vc_row_inner][vc_column_text] La satisfacci\u00f3 del client \u00e9s la meta fonamental i la nostra \u00fanica ra\u00f3 de ser [\/vc_column_text][vc_empty_space height=&#8221;30px&#8221;][vc_column_text] PMA Piscinas \u00e9s una empresa creada amb la clara orientaci\u00f3 d&#8217;oferir&#8230;<\/p>\n","protected":false},"author":1,"featured_media":0,"parent":0,"menu_order":0,"comment_status":"closed","ping_status":"closed","template":"full_width.php","meta":{"footnotes":""},"class_list":["post-980","page","type-page","status-publish","hentry"],"yoast_head":"<!-- This site is optimized with the Yoast SEO plugin v27.4 - https:\/\/yoast.com\/product\/yoast-seo-wordpress\/ -->\n<title>Qui som - PMA Piscinas | Mantenimiento de piscinas<\/title>\n<meta name=\"robots\" content=\"index, follow, max-snippet:-1, max-image-preview:large, max-video-preview:-1\" \/>\n<link rel=\"canonical\" href=\"https:\/\/www.pmapiscinas.com\/ca\/pma-piscinas\/\" \/>\n<meta property=\"og:locale\" content=\"ca_ES\" \/>\n<meta property=\"og:type\" content=\"article\" \/>\n<meta property=\"og:title\" content=\"Qui som - PMA Piscinas | Mantenimiento de piscinas\" \/>\n<meta property=\"og:description\" content=\"[vc_row css_animation=&#8221;&#8221; row_type=&#8221;row&#8221; use_row_as_full_screen_section=&#8221;no&#8221; type=&#8221;full_width&#8221; angled_section=&#8221;no&#8221; text_align=&#8221;left&#8221; background_image_as_pattern=&#8221;without_pattern&#8221;][vc_column offset=&#8221;vc_hidden-sm vc_hidden-xs&#8221;][vc_empty_space height=&#8221;92px&#8221;][\/vc_column][\/vc_row][vc_row css_animation=&#8221;&#8221; row_type=&#8221;row&#8221; use_row_as_full_screen_section=&#8221;no&#8221; type=&#8221;grid&#8221; angled_section=&#8221;no&#8221; text_align=&#8221;left&#8221; background_image_as_pattern=&#8221;without_pattern&#8221; z_index=&#8221;&#8221;][vc_column width=&#8221;7\/12&#8243;][vc_row_inner row_type=&#8221;row&#8221; type=&#8221;full_width&#8221; text_align=&#8221;left&#8221; css_animation=&#8221;&#8221;][vc_column_inner offset=&#8221;vc_hidden-sm vc_hidden-xs&#8221;][vc_empty_space height=&#8221;30px&#8221;][\/vc_column_inner][\/vc_row_inner][vc_column_text] La satisfacci\u00f3 del client \u00e9s la meta fonamental i la nostra \u00fanica ra\u00f3 de ser [\/vc_column_text][vc_empty_space height=&#8221;30px&#8221;][vc_column_text] PMA Piscinas \u00e9s una empresa creada amb la clara orientaci\u00f3 d&#8217;oferir...\" \/>\n<meta property=\"og:url\" content=\"https:\/\/www.pmapiscinas.com\/ca\/pma-piscinas\/\" \/>\n<meta property=\"og:site_name\" content=\"PMA Piscinas | Mantenimiento de piscinas\" \/>\n<meta property=\"article:modified_time\" content=\"2020-05-05T07:47:13+00:00\" \/>\n<meta name=\"twitter:card\" content=\"summary_large_image\" \/>\n<meta name=\"twitter:label1\" content=\"Temps estimat de lectura\" \/>\n\t<meta name=\"twitter:data1\" content=\"3 minuts\" \/>\n<script type=\"application\/ld+json\" class=\"yoast-schema-graph\">{\"@context\":\"https:\\\/\\\/schema.org\",\"@graph\":[{\"@type\":\"WebPage\",\"@id\":\"https:\\\/\\\/www.pmapiscinas.com\\\/ca\\\/pma-piscinas\\\/\",\"url\":\"https:\\\/\\\/www.pmapiscinas.com\\\/ca\\\/pma-piscinas\\\/\",\"name\":\"Qui som - PMA Piscinas | Mantenimiento de piscinas\",\"isPartOf\":{\"@id\":\"https:\\\/\\\/www.pmapiscinas.com\\\/#website\"},\"datePublished\":\"2020-05-05T07:43:26+00:00\",\"dateModified\":\"2020-05-05T07:47:13+00:00\",\"breadcrumb\":{\"@id\":\"https:\\\/\\\/www.pmapiscinas.com\\\/ca\\\/pma-piscinas\\\/#breadcrumb\"},\"inLanguage\":\"ca\",\"potentialAction\":[{\"@type\":\"ReadAction\",\"target\":[\"https:\\\/\\\/www.pmapiscinas.com\\\/ca\\\/pma-piscinas\\\/\"]}]},{\"@type\":\"BreadcrumbList\",\"@id\":\"https:\\\/\\\/www.pmapiscinas.com\\\/ca\\\/pma-piscinas\\\/#breadcrumb\",\"itemListElement\":[{\"@type\":\"ListItem\",\"position\":1,\"name\":\"Portada\",\"item\":\"https:\\\/\\\/www.pmapiscinas.com\\\/ca\\\/\"},{\"@type\":\"ListItem\",\"position\":2,\"name\":\"Qui som\"}]},{\"@type\":\"WebSite\",\"@id\":\"https:\\\/\\\/www.pmapiscinas.com\\\/#website\",\"url\":\"https:\\\/\\\/www.pmapiscinas.com\\\/\",\"name\":\"PMA Piscinas | Mantenimiento de piscinas\",\"description\":\"Asesoramiento y Mantenimiento de Piscinas particulares y comunitarias. Servicio personalizado\",\"potentialAction\":[{\"@type\":\"SearchAction\",\"target\":{\"@type\":\"EntryPoint\",\"urlTemplate\":\"https:\\\/\\\/www.pmapiscinas.com\\\/?s={search_term_string}\"},\"query-input\":{\"@type\":\"PropertyValueSpecification\",\"valueRequired\":true,\"valueName\":\"search_term_string\"}}],\"inLanguage\":\"ca\"}]}<\/script>\n<!-- \/ Yoast SEO plugin. -->","yoast_head_json":{"title":"Qui som - PMA Piscinas | Mantenimiento de piscinas","robots":{"index":"index","follow":"follow","max-snippet":"max-snippet:-1","max-image-preview":"max-image-preview:large","max-video-preview":"max-video-preview:-1"},"canonical":"https:\/\/www.pmapiscinas.com\/ca\/pma-piscinas\/","og_locale":"ca_ES","og_type":"article","og_title":"Qui som - PMA Piscinas | Mantenimiento de piscinas","og_description":"[vc_row css_animation=&#8221;&#8221; row_type=&#8221;row&#8221; use_row_as_full_screen_section=&#8221;no&#8221; type=&#8221;full_width&#8221; angled_section=&#8221;no&#8221; text_align=&#8221;left&#8221; background_image_as_pattern=&#8221;without_pattern&#8221;][vc_column offset=&#8221;vc_hidden-sm vc_hidden-xs&#8221;][vc_empty_space height=&#8221;92px&#8221;][\/vc_column][\/vc_row][vc_row css_animation=&#8221;&#8221; row_type=&#8221;row&#8221; use_row_as_full_screen_section=&#8221;no&#8221; type=&#8221;grid&#8221; angled_section=&#8221;no&#8221; text_align=&#8221;left&#8221; background_image_as_pattern=&#8221;without_pattern&#8221; z_index=&#8221;&#8221;][vc_column width=&#8221;7\/12&#8243;][vc_row_inner row_type=&#8221;row&#8221; type=&#8221;full_width&#8221; text_align=&#8221;left&#8221; css_animation=&#8221;&#8221;][vc_column_inner offset=&#8221;vc_hidden-sm vc_hidden-xs&#8221;][vc_empty_space height=&#8221;30px&#8221;][\/vc_column_inner][\/vc_row_inner][vc_column_text] La satisfacci\u00f3 del client \u00e9s la meta fonamental i la nostra \u00fanica ra\u00f3 de ser [\/vc_column_text][vc_empty_space height=&#8221;30px&#8221;][vc_column_text] PMA Piscinas \u00e9s una empresa creada amb la clara orientaci\u00f3 d&#8217;oferir...","og_url":"https:\/\/www.pmapiscinas.com\/ca\/pma-piscinas\/","og_site_name":"PMA Piscinas | Mantenimiento de piscinas","article_modified_time":"2020-05-05T07:47:13+00:00","twitter_card":"summary_large_image","twitter_misc":{"Temps estimat de lectura":"3 minuts"},"schema":{"@context":"https:\/\/schema.org","@graph":[{"@type":"WebPage","@id":"https:\/\/www.pmapiscinas.com\/ca\/pma-piscinas\/","url":"https:\/\/www.pmapiscinas.com\/ca\/pma-piscinas\/","name":"Qui som - PMA Piscinas | Mantenimiento de piscinas","isPartOf":{"@id":"https:\/\/www.pmapiscinas.com\/#website"},"datePublished":"2020-05-05T07:43:26+00:00","dateModified":"2020-05-05T07:47:13+00:00","breadcrumb":{"@id":"https:\/\/www.pmapiscinas.com\/ca\/pma-piscinas\/#breadcrumb"},"inLanguage":"ca","potentialAction":[{"@type":"ReadAction","target":["https:\/\/www.pmapiscinas.com\/ca\/pma-piscinas\/"]}]},{"@type":"BreadcrumbList","@id":"https:\/\/www.pmapiscinas.com\/ca\/pma-piscinas\/#breadcrumb","itemListElement":[{"@type":"ListItem","position":1,"name":"Portada","item":"https:\/\/www.pmapiscinas.com\/ca\/"},{"@type":"ListItem","position":2,"name":"Qui som"}]},{"@type":"WebSite","@id":"https:\/\/www.pmapiscinas.com\/#website","url":"https:\/\/www.pmapiscinas.com\/","name":"PMA Piscinas | Mantenimiento de piscinas","description":"Asesoramiento y Mantenimiento de Piscinas particulares y comunitarias. Servicio personalizado","potentialAction":[{"@type":"SearchAction","target":{"@type":"EntryPoint","urlTemplate":"https:\/\/www.pmapiscinas.com\/?s={search_term_string}"},"query-input":{"@type":"PropertyValueSpecification","valueRequired":true,"valueName":"search_term_string"}}],"inLanguage":"ca"}]}},"_links":{"self":[{"href":"https:\/\/www.pmapiscinas.com\/ca\/wp-json\/wp\/v2\/pages\/980","targetHints":{"allow":["GET"]}}],"collection":[{"href":"https:\/\/www.pmapiscinas.com\/ca\/wp-json\/wp\/v2\/pages"}],"about":[{"href":"https:\/\/www.pmapiscinas.com\/ca\/wp-json\/wp\/v2\/types\/page"}],"author":[{"embeddable":true,"href":"https:\/\/www.pmapiscinas.com\/ca\/wp-json\/wp\/v2\/users\/1"}],"replies":[{"embeddable":true,"href":"https:\/\/www.pmapiscinas.com\/ca\/wp-json\/wp\/v2\/comments?post=980"}],"version-history":[{"count":0,"href":"https:\/\/www.pmapiscinas.com\/ca\/wp-json\/wp\/v2\/pages\/980\/revisions"}],"wp:attachment":[{"href":"https:\/\/www.pmapiscinas.com\/ca\/wp-json\/wp\/v2\/media?parent=980"}],"curies":[{"name":"wp","href":"https:\/\/api.w.org\/{rel}","templated":true}]}}