{"id":1069,"date":"2020-05-05T09:57:13","date_gmt":"2020-05-05T09:57:13","guid":{"rendered":"http:\/\/www.pmapiscinas.com\/?page_id=1069"},"modified":"2020-05-05T10:00:59","modified_gmt":"2020-05-05T10:00:59","slug":"avis-legal","status":"publish","type":"page","link":"https:\/\/www.pmapiscinas.com\/ca\/avis-legal\/","title":{"rendered":"Avis legal"},"content":{"rendered":"<div class=\"wpb-content-wrapper\"><p>[vc_row css_animation=&#8221;&#8221; row_type=&#8221;row&#8221; use_row_as_full_screen_section=&#8221;no&#8221; type=&#8221;full_width&#8221; angled_section=&#8221;no&#8221; text_align=&#8221;left&#8221; background_image_as_pattern=&#8221;without_pattern&#8221;][vc_column][vc_empty_space][vc_column_text]L&#8217;acc\u00e9s a el lloc web <strong>www.pmapiscinas.com<\/strong> implica sense reserves l&#8217;acceptaci\u00f3 de les presents Condicions Generals d&#8217;\u00das que l&#8217;USUARI afirma comprendre \u00edntegrament.<\/p>\n<p><strong>PMA Piscines<\/strong> amb domicili a 43820 Calafell, Tarragona, ostenta la propietat del lloc web <strong>www.pmapiscinas.com<\/strong><\/p>\n<p>El lloc web www.pmapiscinas.com posa a disposici\u00f3 dels usuaris determinats continguts de car\u00e0cter informatiu. Les presents condicions generals regeixen \u00fanica i exclusivament per a l&#8217;\u00fas del lloc web www.pmapiscinas.com per part dels USUARIS que accedeixin al mateix.<\/p>\n<p>Les presents condicions generals s&#8217;exposen a l&#8217;USUARI en el lloc web <strong>www.pmapiscinas.com<\/strong> en totes les p\u00e0gines (zona inferior) i es donar\u00e0 acc\u00e9s a aquestes cada vegada que un usuari introdueix les seves dades en els formularis existents, perqu\u00e8 les llegeixi, les imprimeixi, arxivi i accepti a trav\u00e9s d&#8217;internet.<\/p>\n<p>L&#8217;usuari es compromet a no utilitzar el lloc web i els serveis que s&#8217;ofereixen en el mateix per a la realitzaci\u00f3 d&#8217;activitats contr\u00e0ries a la llei ia respectar en tot moment les presents condicions<\/p>\n<p>&nbsp;<\/p>\n<p>&nbsp;<\/p>\n<p><strong>CONDICIONS D&#8217;ACC\u00c9S I \u00daS<\/strong><\/p>\n<p>La utilitzaci\u00f3 de el lloc web <strong>www.pmapiscinas.com<\/strong> no comporta l&#8217;obligatorietat d&#8217;inscripci\u00f3 de l&#8217;USUARI. Les condicions d&#8217;acc\u00e9s i \u00fas de el present lloc web es regeixen estrictament per la legalitat vigent i pel principi de bona fe comprometent-se l&#8217;USUARI a realitzar un bon \u00fas de la web.<\/p>\n<p>Queden prohibits tots els actes que vulnerin la legalitat, drets o interessos de tercers: dret a la intimitat, protecci\u00f3 de dades, propietat intel\u00b7lectual, etc.<\/p>\n<p>Expressament es prohibeix el seg\u00fcent:<\/p>\n<p>&#8211; Realitzar accions que puguin produir al lloc web oa trav\u00e9s d&#8217;ell mateix per qualsevol mitj\u00e0 qualsevol tipus de dany als sistemes o a tercers.<\/p>\n<p>&#8211; Realitzar sense la deguda autoritzaci\u00f3 qualsevol tipus de publicitat o informaci\u00f3 comercial directament o de forma encoberta, enviaments massius o extensos a fi de bloquejar servidors de la xarxa.<\/p>\n<p>&#8211; Els responsables de la p\u00e0gina web podran interrompre en qualsevol moment l&#8217;acc\u00e9s al lloc si detecten un \u00fas contrari a la legalitat, la bona fe o a les presents Condicions Generals.<\/p>\n<p>&nbsp;<\/p>\n<p><strong>CONTINGUTS<\/strong><\/p>\n<p>&#8211; Els continguts incorporats han estat elaborats i inclosos utilitzant fonts internes de tal manera que <strong>PMA Piscines<\/strong> no es fa responsable de continguts externs vinculats. Queda reservat el dret a modificar en qualsevol moment el contingut existent.<\/p>\n<p>&nbsp;<\/p>\n<p><strong>DRETS D&#8217;AUTOR I MARCA<\/strong><\/p>\n<p>Tots els continguts que es recullen es troben protegits pels drets d&#8217;autor. Per a l&#8217;elaboraci\u00f3 de continguts, al web s&#8217;utilitzen fonts externes en determinades ocasions i tamb\u00e9 s&#8217;estableixen links a articles o informacions de tercers citant sempre la font. El leg\u00edtim titular dels drets d&#8217;autor d&#8217;aquestes informacions aix\u00ed incloses podr\u00e0 sol\u00b7licitar en qualsevol moment l&#8217;eliminaci\u00f3 de les referides refer\u00e8ncies a trav\u00e9s del tel\u00e8fon Tel. 637 17 41 31 o e-mail <a href=\"mailto:pma@pmapiscinas.com\">pma@pmapiscinas.com<\/a><\/p>\n<p>La utilitzaci\u00f3 de la imatge corporativa, logotips, gr\u00e0fics o qualsevol altre element o objecte relacionat amb <strong>PMA Piscines<\/strong> queda prohibida a la teva totalitat.<\/p>\n<p>&nbsp;<\/p>\n<p><strong>JURISDICCI\u00d3 I LLEI APLICABLE<\/strong><\/p>\n<p>Les presents condicions generals es regeixen per la legislaci\u00f3 catalana i espanyola competents per resoldre tota controv\u00e8rsia o conflicte que es derivi, sotmetent-se a la jurisdicci\u00f3 i compet\u00e8ncia dels jutjats i tribunals m\u00e9s propers a el domicili de <strong>PMA Piscines<\/strong>, renunciant expressament a qualsevol altre fur o jurisdicci\u00f3 que en Dret pogu\u00e9s correspondre. En cas que qualsevol part de el present document sigui declarada nul\u00b7la, la resta documental seguir\u00e0 vigent i s&#8217;interpretar\u00e0 tenint en compte la voluntat de les parts i la finalitat mateixa de les presents condicions. <strong>PMA Piscines <\/strong>podr\u00e0 no exercitar algun dels drets i facultats conferits en aquest document, que no implicar\u00e0 en cap cas la ren\u00fancia als mateixos excepte reconeixement expr\u00e9s per part de <strong>PMA Piscines<\/strong><\/p>\n<p>&nbsp;<\/p>\n<p><strong>SOBRE L&#8217;\u00daS DE CONTINGUTS<\/strong><\/p>\n<p><strong>PMA Piscines<\/strong> no es fa responsable de l&#8217;incompliment de qualsevol norma aplicable en qu\u00e8 pugui inc\u00f3rrer l&#8217;usuari en el seu acc\u00e9s al web i \/ o en l&#8217;\u00fas de les informacions contingudes en la mateixa.<\/p>\n<p><strong>PMA Piscines<\/strong> no ser\u00e0 responsable dels danys i perjudicis produ\u00efts o que puguin produir-se, qualsevol que sigui la seva naturalesa, que es derivin de l&#8217;\u00fas de la informaci\u00f3, de les mat\u00e8ries contingudes en <strong>www.pmapiscinas.com<\/strong> i dels programes que incorpora.<\/p>\n<p>Fem tot el possible per assegurar que tota la informaci\u00f3 continguda en aquest lloc web sigui correcta i actualitzada. No obstant aix\u00f2, a causa de la naturalesa de l&#8217;contingut no sempre podem estar segurs que les publicacions s\u00f3n correctes i poden contenir errors. Si troba un error contacteu amb nosaltres tan aviat com sigui possible per poder corregir-ho.<\/p>\n<p>&nbsp;<\/p>\n<p><strong>POL\u00cdTICA DE PRIVACITAT<\/strong><\/p>\n<p>En el marc de el compliment de la legislaci\u00f3 vigent, recollida en la Llei Org\u00e0nica 15\/1999, de 13 de desembre, sobre protecci\u00f3 de dades de car\u00e0cter personal (LOPD), l&#8217;objecte d&#8217;el qual \u00e9s garantir i protegir pel que fa a el tractament dels dades personals, les llibertats i drets fonamentals de les persones f\u00edsiques, i especialment del seu honor i intimitat personal, <strong>PMA Piscines<\/strong> informa els usuaris que s&#8217;han adoptat les mesures t\u00e8cniques i organitzatives conforme al que es disposa a la normativa vigent.<\/p>\n<p>&nbsp;<\/p>\n<p><strong>Drets de cancel\u00b7laci\u00f3 i modificaci\u00f3 de dades:<\/strong><\/p>\n<p>Les dades proporcionades seran incorporades a un fitxer i seran utilitzades amb la finalitat de gestionar la participaci\u00f3 en la Plataforma, esdeveniments organitzats i realitzar activitats pr\u00f2pies de comunicaci\u00f3 comercial. L&#8217;usuari que facilita les seves dades de contacte accepta rebre correu postal o electr\u00f2nic amb informaci\u00f3 de <strong>PMA Piscines<\/strong>. Si desitja exercir els seus drets d&#8217;acc\u00e9s, rectificaci\u00f3, cancel\u00b7laci\u00f3 i oposici\u00f3 en aquest fitxer pot exercir-los davant del titular inscrit en l&#8217;AEPD:<strong>PMA Piscines<\/strong> a 43820 Calafell, Tarragona. Si ho desitja pot exercir en l&#8217;adre\u00e7a indicada, per correu postal o per correu electr\u00f2nic <a href=\"mailto:pma@pmapiscinas.com\">pma@pmapiscinas.com<\/a> els drets d&#8217;acc\u00e9s, cancel\u00b7laci\u00f3, rectificaci\u00f3 o oposici\u00f3 indicant el seu nom, cognoms i adre\u00e7a, en els termes que preveu la Llei 15\/1999, de 13 de desembre, de protecci\u00f3 de dades de car\u00e0cter personal. Tel\u00e8fon de contacte: 637 17 41 31.<\/p>\n<p><strong>PMA Piscines<\/strong> es compromet a no remetre comunicacions comercials acord amb el que es disposa en la Llei 34\/2002 de Serveis de la Societat de la Informaci\u00f3 i de comer\u00e7 electr\u00f2nic. Els enlla\u00e7os (Links) i hipertext que possibilitin, accedir a l&#8217;usuari a prestacions i serveis oferts per tercers, no pertanyen ni es troben sota el control de <strong>PMA Piscines<\/strong> i no es fa responsable ni de la informaci\u00f3 continguda en els mateixos ni d&#8217;altres efectes que puguin derivar d&#8217;aquesta informaci\u00f3. Tampoc es responsabilitza de la integritat, veracitat i licitud de l&#8217;contingut dels enlla\u00e7os a les webs a les quals pugui accedir-se des d&#8217;aquesta web.<\/p>\n<p>[\/vc_column_text][vc_empty_space height=&#8221;52px&#8221;][\/vc_column][\/vc_row]<\/p>\n<\/div>","protected":false},"excerpt":{"rendered":"<p>[vc_row css_animation=&#8221;&#8221; row_type=&#8221;row&#8221; use_row_as_full_screen_section=&#8221;no&#8221; type=&#8221;full_width&#8221; angled_section=&#8221;no&#8221; text_align=&#8221;left&#8221; background_image_as_pattern=&#8221;without_pattern&#8221;][vc_column][vc_empty_space][vc_column_text]L&#8217;acc\u00e9s a el lloc web www.pmapiscinas.com implica sense reserves l&#8217;acceptaci\u00f3 de les presents Condicions Generals d&#8217;\u00das que l&#8217;USUARI afirma comprendre \u00edntegrament. PMA Piscines amb domicili a 43820 Calafell, Tarragona, ostenta la propietat del lloc web www.pmapiscinas.com El lloc web www.pmapiscinas.com posa a disposici\u00f3 dels usuaris determinats continguts de&#8230;<\/p>\n","protected":false},"author":1,"featured_media":0,"parent":0,"menu_order":0,"comment_status":"closed","ping_status":"closed","template":"","meta":{"footnotes":""},"class_list":["post-1069","page","type-page","status-publish","hentry"],"yoast_head":"<!-- This site is optimized with the Yoast SEO plugin v27.4 - https:\/\/yoast.com\/product\/yoast-seo-wordpress\/ -->\n<title>Avis legal - PMA Piscinas | Mantenimiento de piscinas<\/title>\n<meta name=\"robots\" content=\"index, follow, max-snippet:-1, max-image-preview:large, max-video-preview:-1\" \/>\n<link rel=\"canonical\" href=\"https:\/\/www.pmapiscinas.com\/ca\/avis-legal\/\" \/>\n<meta property=\"og:locale\" content=\"ca_ES\" \/>\n<meta property=\"og:type\" content=\"article\" \/>\n<meta property=\"og:title\" content=\"Avis legal - PMA Piscinas | Mantenimiento de piscinas\" \/>\n<meta property=\"og:description\" content=\"[vc_row css_animation=&#8221;&#8221; row_type=&#8221;row&#8221; use_row_as_full_screen_section=&#8221;no&#8221; type=&#8221;full_width&#8221; angled_section=&#8221;no&#8221; text_align=&#8221;left&#8221; background_image_as_pattern=&#8221;without_pattern&#8221;][vc_column][vc_empty_space][vc_column_text]L&#8217;acc\u00e9s a el lloc web www.pmapiscinas.com implica sense reserves l&#8217;acceptaci\u00f3 de les presents Condicions Generals d&#8217;\u00das que l&#8217;USUARI afirma comprendre \u00edntegrament. PMA Piscines amb domicili a 43820 Calafell, Tarragona, ostenta la propietat del lloc web www.pmapiscinas.com El lloc web www.pmapiscinas.com posa a disposici\u00f3 dels usuaris determinats continguts de...\" \/>\n<meta property=\"og:url\" content=\"https:\/\/www.pmapiscinas.com\/ca\/avis-legal\/\" \/>\n<meta property=\"og:site_name\" content=\"PMA Piscinas | Mantenimiento de piscinas\" \/>\n<meta property=\"article:modified_time\" content=\"2020-05-05T10:00:59+00:00\" \/>\n<meta name=\"twitter:card\" content=\"summary_large_image\" \/>\n<meta name=\"twitter:label1\" content=\"Temps estimat de lectura\" \/>\n\t<meta name=\"twitter:data1\" content=\"6 minuts\" \/>\n<script type=\"application\/ld+json\" class=\"yoast-schema-graph\">{\"@context\":\"https:\\\/\\\/schema.org\",\"@graph\":[{\"@type\":\"WebPage\",\"@id\":\"https:\\\/\\\/www.pmapiscinas.com\\\/ca\\\/avis-legal\\\/\",\"url\":\"https:\\\/\\\/www.pmapiscinas.com\\\/ca\\\/avis-legal\\\/\",\"name\":\"Avis legal - PMA Piscinas | Mantenimiento de piscinas\",\"isPartOf\":{\"@id\":\"https:\\\/\\\/www.pmapiscinas.com\\\/#website\"},\"datePublished\":\"2020-05-05T09:57:13+00:00\",\"dateModified\":\"2020-05-05T10:00:59+00:00\",\"breadcrumb\":{\"@id\":\"https:\\\/\\\/www.pmapiscinas.com\\\/ca\\\/avis-legal\\\/#breadcrumb\"},\"inLanguage\":\"ca\",\"potentialAction\":[{\"@type\":\"ReadAction\",\"target\":[\"https:\\\/\\\/www.pmapiscinas.com\\\/ca\\\/avis-legal\\\/\"]}]},{\"@type\":\"BreadcrumbList\",\"@id\":\"https:\\\/\\\/www.pmapiscinas.com\\\/ca\\\/avis-legal\\\/#breadcrumb\",\"itemListElement\":[{\"@type\":\"ListItem\",\"position\":1,\"name\":\"Portada\",\"item\":\"https:\\\/\\\/www.pmapiscinas.com\\\/ca\\\/\"},{\"@type\":\"ListItem\",\"position\":2,\"name\":\"Avis legal\"}]},{\"@type\":\"WebSite\",\"@id\":\"https:\\\/\\\/www.pmapiscinas.com\\\/#website\",\"url\":\"https:\\\/\\\/www.pmapiscinas.com\\\/\",\"name\":\"PMA Piscinas | Mantenimiento de piscinas\",\"description\":\"Asesoramiento y Mantenimiento de Piscinas particulares y comunitarias. Servicio personalizado\",\"potentialAction\":[{\"@type\":\"SearchAction\",\"target\":{\"@type\":\"EntryPoint\",\"urlTemplate\":\"https:\\\/\\\/www.pmapiscinas.com\\\/?s={search_term_string}\"},\"query-input\":{\"@type\":\"PropertyValueSpecification\",\"valueRequired\":true,\"valueName\":\"search_term_string\"}}],\"inLanguage\":\"ca\"}]}<\/script>\n<!-- \/ Yoast SEO plugin. -->","yoast_head_json":{"title":"Avis legal - PMA Piscinas | Mantenimiento de piscinas","robots":{"index":"index","follow":"follow","max-snippet":"max-snippet:-1","max-image-preview":"max-image-preview:large","max-video-preview":"max-video-preview:-1"},"canonical":"https:\/\/www.pmapiscinas.com\/ca\/avis-legal\/","og_locale":"ca_ES","og_type":"article","og_title":"Avis legal - PMA Piscinas | Mantenimiento de piscinas","og_description":"[vc_row css_animation=&#8221;&#8221; row_type=&#8221;row&#8221; use_row_as_full_screen_section=&#8221;no&#8221; type=&#8221;full_width&#8221; angled_section=&#8221;no&#8221; text_align=&#8221;left&#8221; background_image_as_pattern=&#8221;without_pattern&#8221;][vc_column][vc_empty_space][vc_column_text]L&#8217;acc\u00e9s a el lloc web www.pmapiscinas.com implica sense reserves l&#8217;acceptaci\u00f3 de les presents Condicions Generals d&#8217;\u00das que l&#8217;USUARI afirma comprendre \u00edntegrament. PMA Piscines amb domicili a 43820 Calafell, Tarragona, ostenta la propietat del lloc web www.pmapiscinas.com El lloc web www.pmapiscinas.com posa a disposici\u00f3 dels usuaris determinats continguts de...","og_url":"https:\/\/www.pmapiscinas.com\/ca\/avis-legal\/","og_site_name":"PMA Piscinas | Mantenimiento de piscinas","article_modified_time":"2020-05-05T10:00:59+00:00","twitter_card":"summary_large_image","twitter_misc":{"Temps estimat de lectura":"6 minuts"},"schema":{"@context":"https:\/\/schema.org","@graph":[{"@type":"WebPage","@id":"https:\/\/www.pmapiscinas.com\/ca\/avis-legal\/","url":"https:\/\/www.pmapiscinas.com\/ca\/avis-legal\/","name":"Avis legal - PMA Piscinas | Mantenimiento de piscinas","isPartOf":{"@id":"https:\/\/www.pmapiscinas.com\/#website"},"datePublished":"2020-05-05T09:57:13+00:00","dateModified":"2020-05-05T10:00:59+00:00","breadcrumb":{"@id":"https:\/\/www.pmapiscinas.com\/ca\/avis-legal\/#breadcrumb"},"inLanguage":"ca","potentialAction":[{"@type":"ReadAction","target":["https:\/\/www.pmapiscinas.com\/ca\/avis-legal\/"]}]},{"@type":"BreadcrumbList","@id":"https:\/\/www.pmapiscinas.com\/ca\/avis-legal\/#breadcrumb","itemListElement":[{"@type":"ListItem","position":1,"name":"Portada","item":"https:\/\/www.pmapiscinas.com\/ca\/"},{"@type":"ListItem","position":2,"name":"Avis legal"}]},{"@type":"WebSite","@id":"https:\/\/www.pmapiscinas.com\/#website","url":"https:\/\/www.pmapiscinas.com\/","name":"PMA Piscinas | Mantenimiento de piscinas","description":"Asesoramiento y Mantenimiento de Piscinas particulares y comunitarias. Servicio personalizado","potentialAction":[{"@type":"SearchAction","target":{"@type":"EntryPoint","urlTemplate":"https:\/\/www.pmapiscinas.com\/?s={search_term_string}"},"query-input":{"@type":"PropertyValueSpecification","valueRequired":true,"valueName":"search_term_string"}}],"inLanguage":"ca"}]}},"_links":{"self":[{"href":"https:\/\/www.pmapiscinas.com\/ca\/wp-json\/wp\/v2\/pages\/1069","targetHints":{"allow":["GET"]}}],"collection":[{"href":"https:\/\/www.pmapiscinas.com\/ca\/wp-json\/wp\/v2\/pages"}],"about":[{"href":"https:\/\/www.pmapiscinas.com\/ca\/wp-json\/wp\/v2\/types\/page"}],"author":[{"embeddable":true,"href":"https:\/\/www.pmapiscinas.com\/ca\/wp-json\/wp\/v2\/users\/1"}],"replies":[{"embeddable":true,"href":"https:\/\/www.pmapiscinas.com\/ca\/wp-json\/wp\/v2\/comments?post=1069"}],"version-history":[{"count":0,"href":"https:\/\/www.pmapiscinas.com\/ca\/wp-json\/wp\/v2\/pages\/1069\/revisions"}],"wp:attachment":[{"href":"https:\/\/www.pmapiscinas.com\/ca\/wp-json\/wp\/v2\/media?parent=1069"}],"curies":[{"name":"wp","href":"https:\/\/api.w.org\/{rel}","templated":true}]}}