{"id":1009,"date":"2020-05-05T08:41:55","date_gmt":"2020-05-05T08:41:55","guid":{"rendered":"http:\/\/www.pmapiscinas.com\/?page_id=1009"},"modified":"2020-05-05T08:42:43","modified_gmt":"2020-05-05T08:42:43","slug":"respecte-medi-ambient","status":"publish","type":"page","link":"https:\/\/www.pmapiscinas.com\/ca\/respecte-medi-ambient\/","title":{"rendered":"Respecte medi ambient"},"content":{"rendered":"<div class=\"wpb-content-wrapper\"><p>[vc_row css_animation=&#8221;&#8221; row_type=&#8221;row&#8221; use_row_as_full_screen_section=&#8221;no&#8221; type=&#8221;full_width&#8221; angled_section=&#8221;no&#8221; text_align=&#8221;left&#8221; background_image_as_pattern=&#8221;without_pattern&#8221;][vc_column][vc_empty_space height=&#8221;52px&#8221;][vc_single_image image=&#8221;878&#8243; img_size=&#8221;full&#8221; alignment=&#8221;center&#8221; qode_css_animation=&#8221;&#8221;][vc_empty_space][vc_column_text]En PMA Piscines som conscients del deteriorament que ha patit el nostre planeta durant els \u00faltims anys. Per aix\u00f2, durant la nostra activitat i en tots els productes que utilitzem, tenim en compte que compleixin amb les normatives vigents i siguin respectuosos i responsables amb el medi ambient per millorar i no danyar les condicions mediambientals del nostre planeta.<\/p>\n<p>&nbsp;<\/p>\n<p>La voluntat i el comprom\u00eds de PMA Piscines en aquest sentit \u00e9s avan\u00e7ar en la l\u00ednia d&#8217;una millora cont\u00ednua per protegir activament el planeta.<\/p>\n<p>&nbsp;<\/p>\n<p>D&#8217;aquesta manera aconseguim que els nostres clients compten amb un excel\u00b7lent manteniment de la seva piscina i contribu\u00efm a millorar la salut de tots.[\/vc_column_text][vc_empty_space height=&#8221;82px&#8221;][\/vc_column][\/vc_row]<\/p>\n<\/div>","protected":false},"excerpt":{"rendered":"<p>[vc_row css_animation=&#8221;&#8221; row_type=&#8221;row&#8221; use_row_as_full_screen_section=&#8221;no&#8221; type=&#8221;full_width&#8221; angled_section=&#8221;no&#8221; text_align=&#8221;left&#8221; background_image_as_pattern=&#8221;without_pattern&#8221;][vc_column][vc_empty_space height=&#8221;52px&#8221;][vc_single_image image=&#8221;878&#8243; img_size=&#8221;full&#8221; alignment=&#8221;center&#8221; qode_css_animation=&#8221;&#8221;][vc_empty_space][vc_column_text]En PMA Piscines som conscients del deteriorament que ha patit el nostre planeta durant els \u00faltims anys. Per aix\u00f2, durant la nostra activitat i en tots els productes que utilitzem, tenim en compte que compleixin amb les normatives vigents i siguin respectuosos i&#8230;<\/p>\n","protected":false},"author":1,"featured_media":0,"parent":0,"menu_order":0,"comment_status":"closed","ping_status":"closed","template":"","meta":{"footnotes":""},"class_list":["post-1009","page","type-page","status-publish","hentry"],"yoast_head":"<!-- This site is optimized with the Yoast SEO plugin v27.4 - https:\/\/yoast.com\/product\/yoast-seo-wordpress\/ -->\n<title>Respecte medi ambient - PMA Piscinas | Mantenimiento de piscinas<\/title>\n<meta name=\"robots\" content=\"index, follow, max-snippet:-1, max-image-preview:large, max-video-preview:-1\" \/>\n<link rel=\"canonical\" href=\"https:\/\/www.pmapiscinas.com\/ca\/respecte-medi-ambient\/\" \/>\n<meta property=\"og:locale\" content=\"ca_ES\" \/>\n<meta property=\"og:type\" content=\"article\" \/>\n<meta property=\"og:title\" content=\"Respecte medi ambient - PMA Piscinas | Mantenimiento de piscinas\" \/>\n<meta property=\"og:description\" content=\"[vc_row css_animation=&#8221;&#8221; row_type=&#8221;row&#8221; use_row_as_full_screen_section=&#8221;no&#8221; type=&#8221;full_width&#8221; angled_section=&#8221;no&#8221; text_align=&#8221;left&#8221; background_image_as_pattern=&#8221;without_pattern&#8221;][vc_column][vc_empty_space height=&#8221;52px&#8221;][vc_single_image image=&#8221;878&#8243; img_size=&#8221;full&#8221; alignment=&#8221;center&#8221; qode_css_animation=&#8221;&#8221;][vc_empty_space][vc_column_text]En PMA Piscines som conscients del deteriorament que ha patit el nostre planeta durant els \u00faltims anys. Per aix\u00f2, durant la nostra activitat i en tots els productes que utilitzem, tenim en compte que compleixin amb les normatives vigents i siguin respectuosos i...\" \/>\n<meta property=\"og:url\" content=\"https:\/\/www.pmapiscinas.com\/ca\/respecte-medi-ambient\/\" \/>\n<meta property=\"og:site_name\" content=\"PMA Piscinas | Mantenimiento de piscinas\" \/>\n<meta property=\"article:modified_time\" content=\"2020-05-05T08:42:43+00:00\" \/>\n<meta name=\"twitter:card\" content=\"summary_large_image\" \/>\n<meta name=\"twitter:label1\" content=\"Temps estimat de lectura\" \/>\n\t<meta name=\"twitter:data1\" content=\"1 minut\" \/>\n<script type=\"application\/ld+json\" class=\"yoast-schema-graph\">{\"@context\":\"https:\\\/\\\/schema.org\",\"@graph\":[{\"@type\":\"WebPage\",\"@id\":\"https:\\\/\\\/www.pmapiscinas.com\\\/ca\\\/respecte-medi-ambient\\\/\",\"url\":\"https:\\\/\\\/www.pmapiscinas.com\\\/ca\\\/respecte-medi-ambient\\\/\",\"name\":\"Respecte medi ambient - PMA Piscinas | Mantenimiento de piscinas\",\"isPartOf\":{\"@id\":\"https:\\\/\\\/www.pmapiscinas.com\\\/#website\"},\"datePublished\":\"2020-05-05T08:41:55+00:00\",\"dateModified\":\"2020-05-05T08:42:43+00:00\",\"breadcrumb\":{\"@id\":\"https:\\\/\\\/www.pmapiscinas.com\\\/ca\\\/respecte-medi-ambient\\\/#breadcrumb\"},\"inLanguage\":\"ca\",\"potentialAction\":[{\"@type\":\"ReadAction\",\"target\":[\"https:\\\/\\\/www.pmapiscinas.com\\\/ca\\\/respecte-medi-ambient\\\/\"]}]},{\"@type\":\"BreadcrumbList\",\"@id\":\"https:\\\/\\\/www.pmapiscinas.com\\\/ca\\\/respecte-medi-ambient\\\/#breadcrumb\",\"itemListElement\":[{\"@type\":\"ListItem\",\"position\":1,\"name\":\"Portada\",\"item\":\"https:\\\/\\\/www.pmapiscinas.com\\\/ca\\\/\"},{\"@type\":\"ListItem\",\"position\":2,\"name\":\"Respecte medi ambient\"}]},{\"@type\":\"WebSite\",\"@id\":\"https:\\\/\\\/www.pmapiscinas.com\\\/#website\",\"url\":\"https:\\\/\\\/www.pmapiscinas.com\\\/\",\"name\":\"PMA Piscinas | Mantenimiento de piscinas\",\"description\":\"Asesoramiento y Mantenimiento de Piscinas particulares y comunitarias. Servicio personalizado\",\"potentialAction\":[{\"@type\":\"SearchAction\",\"target\":{\"@type\":\"EntryPoint\",\"urlTemplate\":\"https:\\\/\\\/www.pmapiscinas.com\\\/?s={search_term_string}\"},\"query-input\":{\"@type\":\"PropertyValueSpecification\",\"valueRequired\":true,\"valueName\":\"search_term_string\"}}],\"inLanguage\":\"ca\"}]}<\/script>\n<!-- \/ Yoast SEO plugin. -->","yoast_head_json":{"title":"Respecte medi ambient - PMA Piscinas | Mantenimiento de piscinas","robots":{"index":"index","follow":"follow","max-snippet":"max-snippet:-1","max-image-preview":"max-image-preview:large","max-video-preview":"max-video-preview:-1"},"canonical":"https:\/\/www.pmapiscinas.com\/ca\/respecte-medi-ambient\/","og_locale":"ca_ES","og_type":"article","og_title":"Respecte medi ambient - PMA Piscinas | Mantenimiento de piscinas","og_description":"[vc_row css_animation=&#8221;&#8221; row_type=&#8221;row&#8221; use_row_as_full_screen_section=&#8221;no&#8221; type=&#8221;full_width&#8221; angled_section=&#8221;no&#8221; text_align=&#8221;left&#8221; background_image_as_pattern=&#8221;without_pattern&#8221;][vc_column][vc_empty_space height=&#8221;52px&#8221;][vc_single_image image=&#8221;878&#8243; img_size=&#8221;full&#8221; alignment=&#8221;center&#8221; qode_css_animation=&#8221;&#8221;][vc_empty_space][vc_column_text]En PMA Piscines som conscients del deteriorament que ha patit el nostre planeta durant els \u00faltims anys. Per aix\u00f2, durant la nostra activitat i en tots els productes que utilitzem, tenim en compte que compleixin amb les normatives vigents i siguin respectuosos i...","og_url":"https:\/\/www.pmapiscinas.com\/ca\/respecte-medi-ambient\/","og_site_name":"PMA Piscinas | Mantenimiento de piscinas","article_modified_time":"2020-05-05T08:42:43+00:00","twitter_card":"summary_large_image","twitter_misc":{"Temps estimat de lectura":"1 minut"},"schema":{"@context":"https:\/\/schema.org","@graph":[{"@type":"WebPage","@id":"https:\/\/www.pmapiscinas.com\/ca\/respecte-medi-ambient\/","url":"https:\/\/www.pmapiscinas.com\/ca\/respecte-medi-ambient\/","name":"Respecte medi ambient - PMA Piscinas | Mantenimiento de piscinas","isPartOf":{"@id":"https:\/\/www.pmapiscinas.com\/#website"},"datePublished":"2020-05-05T08:41:55+00:00","dateModified":"2020-05-05T08:42:43+00:00","breadcrumb":{"@id":"https:\/\/www.pmapiscinas.com\/ca\/respecte-medi-ambient\/#breadcrumb"},"inLanguage":"ca","potentialAction":[{"@type":"ReadAction","target":["https:\/\/www.pmapiscinas.com\/ca\/respecte-medi-ambient\/"]}]},{"@type":"BreadcrumbList","@id":"https:\/\/www.pmapiscinas.com\/ca\/respecte-medi-ambient\/#breadcrumb","itemListElement":[{"@type":"ListItem","position":1,"name":"Portada","item":"https:\/\/www.pmapiscinas.com\/ca\/"},{"@type":"ListItem","position":2,"name":"Respecte medi ambient"}]},{"@type":"WebSite","@id":"https:\/\/www.pmapiscinas.com\/#website","url":"https:\/\/www.pmapiscinas.com\/","name":"PMA Piscinas | Mantenimiento de piscinas","description":"Asesoramiento y Mantenimiento de Piscinas particulares y comunitarias. Servicio personalizado","potentialAction":[{"@type":"SearchAction","target":{"@type":"EntryPoint","urlTemplate":"https:\/\/www.pmapiscinas.com\/?s={search_term_string}"},"query-input":{"@type":"PropertyValueSpecification","valueRequired":true,"valueName":"search_term_string"}}],"inLanguage":"ca"}]}},"_links":{"self":[{"href":"https:\/\/www.pmapiscinas.com\/ca\/wp-json\/wp\/v2\/pages\/1009","targetHints":{"allow":["GET"]}}],"collection":[{"href":"https:\/\/www.pmapiscinas.com\/ca\/wp-json\/wp\/v2\/pages"}],"about":[{"href":"https:\/\/www.pmapiscinas.com\/ca\/wp-json\/wp\/v2\/types\/page"}],"author":[{"embeddable":true,"href":"https:\/\/www.pmapiscinas.com\/ca\/wp-json\/wp\/v2\/users\/1"}],"replies":[{"embeddable":true,"href":"https:\/\/www.pmapiscinas.com\/ca\/wp-json\/wp\/v2\/comments?post=1009"}],"version-history":[{"count":0,"href":"https:\/\/www.pmapiscinas.com\/ca\/wp-json\/wp\/v2\/pages\/1009\/revisions"}],"wp:attachment":[{"href":"https:\/\/www.pmapiscinas.com\/ca\/wp-json\/wp\/v2\/media?parent=1009"}],"curies":[{"name":"wp","href":"https:\/\/api.w.org\/{rel}","templated":true}]}}